{"id":2308,"date":"2021-12-28T21:24:23","date_gmt":"2021-12-28T21:24:23","guid":{"rendered":"https:\/\/modinatheme.com\/transland\/?page_id=3"},"modified":"2024-02-23T19:56:54","modified_gmt":"2024-02-23T19:56:54","slug":"privacy-policy","status":"publish","type":"page","link":"https:\/\/gmonerix.com\/fr\/privacy-policy\/","title":{"rendered":"Politique de confidentialit\u00e9"},"content":{"rendered":"<p><span style=\"font-weight: 400;\">Monerix Group s'engage \u00e0 prot\u00e9ger vos renseignements personnels. La pr\u00e9sente politique d\u00e9crit la fa\u00e7on dont Monerix Group recueille, utilise et divulgue les renseignements personnels.\u00a0<\/span><\/p>\r\n<ol>\r\n<li><span style=\"font-weight: 400;\"> Application<\/span><\/li>\r\n<\/ol>\r\n<p><span style=\"font-weight: 400;\">La pr\u00e9sente politique r\u00e9git la collecte, l'utilisation et la divulgation de renseignements personnels par Monerix Group aupr\u00e8s de personnes qui ne sont pas employ\u00e9es par Monerix Group. Cette politique s'applique \u00e9galement \u00e0 chaque division de Monerix Group, y compris Monerix Group. Nous avons pour politique de nous conformer \u00e0 la l\u00e9gislation de chaque juridiction dans laquelle nous exer\u00e7ons nos activit\u00e9s, ainsi qu'aux r\u00e9glementations applicables en mati\u00e8re de confidentialit\u00e9 des donn\u00e9es pour les candidats \u00e0 l'ext\u00e9rieur du Canada. La pr\u00e9sente politique couvre les activit\u00e9s qui sont soumises aux dispositions des lois et r\u00e8glements f\u00e9d\u00e9raux, provinciaux et internationaux applicables.<\/span><\/p>\r\n<ol>\r\n<li><span style=\"font-weight: 400;\"> Qu'est-ce qu'une information personnelle ?<\/span><\/li>\r\n<\/ol>\r\n<p><span style=\"font-weight: 400;\">Dans la pr\u00e9sente politique, on entend par \"informations \u00e0 caract\u00e8re personnel\" toute information concernant une personne identifiable autre que le titre ou les coordonn\u00e9es professionnelles de cette personne.<\/span><\/p>\r\n<p><span style=\"font-weight: 400;\">III. Quelles sont les informations personnelles que nous recueillons ?<\/span><\/p>\r\n<p><span style=\"font-weight: 400;\">Nous recueillons et conservons diff\u00e9rents types d'informations personnelles concernant les personnes avec lesquelles nous interagissons. Il s'agit notamment de<\/span><\/p>\r\n<ul>\r\n<li style=\"font-weight: 400;\" aria-level=\"1\"><span style=\"font-weight: 400;\">des informations de contact et d'identification, telles que votre nom, votre adresse, votre num\u00e9ro de t\u00e9l\u00e9phone et votre adresse \u00e9lectronique ;<\/span><\/li>\r\n<li style=\"font-weight: 400;\" aria-level=\"1\"><span style=\"font-weight: 400;\">des informations relatives aux produits et services que nous vous fournissons ou que nous recevons de votre part ;<\/span><\/li>\r\n<li style=\"font-weight: 400;\" aria-level=\"1\"><span style=\"font-weight: 400;\">les informations relatives aux relations avec les clients, telles que les demandes et les r\u00e9actions des clients, ainsi que les informations demand\u00e9es ou fournies par vous ou de votre part ; et<\/span><\/li>\r\n<li style=\"font-weight: 400;\" aria-level=\"1\"><span style=\"font-weight: 400;\">des informations sur les relations d'affaires, y compris des informations relatives \u00e0 vos accords, pr\u00e9f\u00e9rences, conseillers et d\u00e9cideurs.<\/span><\/li>\r\n<li style=\"font-weight: 400;\" aria-level=\"1\"><span style=\"font-weight: 400;\">Afin de fournir des services de recrutement \u00e0 nos clients, nous pouvons \u00e9galement collecter des donn\u00e9es :<\/span><\/li>\r\n<li style=\"font-weight: 400;\" aria-level=\"1\"><span style=\"font-weight: 400;\">les informations contenues dans le curriculum vitae, telles que les ant\u00e9c\u00e9dents professionnels, les listes de clients\/transactions, les ant\u00e9c\u00e9dents universitaires et les relev\u00e9s de notes<\/span><\/li>\r\n<li style=\"font-weight: 400;\" aria-level=\"1\"><span style=\"font-weight: 400;\">les informations relatives \u00e0 la r\u00e9mun\u00e9ration, telles que le salaire ant\u00e9rieur ou pr\u00e9vu, les avantages et les primes ;<\/span><\/li>\r\n<li style=\"font-weight: 400;\" aria-level=\"1\"><span style=\"font-weight: 400;\">des informations sur la recherche d'emploi, telles que l'historique des emplois\/employeurs auxquels vous avez postul\u00e9, des notes d'entretien et des pr\u00e9f\u00e9rences personnelles ;<\/span><\/li>\r\n<li style=\"font-weight: 400;\" aria-level=\"1\"><span style=\"font-weight: 400;\">les \u00e9valuations effectu\u00e9es par le(s) consultant(s) de Monerix Group et la correspondance entre les candidats et Monerix Group ; et<\/span><\/li>\r\n<li style=\"font-weight: 400;\" aria-level=\"1\"><span style=\"font-weight: 400;\">les informations relatives \u00e0 la paie, le cas \u00e9ch\u00e9ant, y compris votre num\u00e9ro d'assurance sociale et les informations relatives \u00e0 votre compte bancaire de d\u00e9p\u00f4t direct.<\/span><\/li>\r\n<\/ul>\r\n<p><span style=\"font-weight: 400;\">Nous pouvons \u00e9galement recueillir des informations relatives au march\u00e9, qui peuvent inclure des informations personnelles, concernant les tendances et les activit\u00e9s du march\u00e9 ayant un impact sur notre entreprise, ainsi que des informations relatives \u00e0 nos activit\u00e9s m\u00e9diatiques et de relations publiques.<\/span><\/p>\r\n<ol>\r\n<li><span style=\"font-weight: 400;\"> Pourquoi recueillons-nous des informations personnelles ?<\/span><\/li>\r\n<\/ol>\r\n<p><span style=\"font-weight: 400;\">Nous recueillons des informations personnelles pour nous permettre de g\u00e9rer et de d\u00e9velopper nos activit\u00e9s et nos op\u00e9rations, notamment :<\/span><\/p>\r\n<ul>\r\n<li style=\"font-weight: 400;\" aria-level=\"1\"><span style=\"font-weight: 400;\">\u00e9tablir, maintenir et g\u00e9rer des relations avec vous afin de vous fournir ou de recevoir de votre part les produits et services demand\u00e9s (par exemple, nous utiliserons vos donn\u00e9es personnelles pour d\u00e9terminer si vous \u00eates apte \u00e0 occuper un poste) ;<\/span><\/li>\r\n<li style=\"font-weight: 400;\" aria-level=\"1\"><span style=\"font-weight: 400;\">pour pouvoir examiner les services que nous vous fournissons afin de comprendre vos besoins et d'am\u00e9liorer nos services ;<\/span><\/li>\r\n<li style=\"font-weight: 400;\" aria-level=\"1\"><span style=\"font-weight: 400;\">pour pouvoir vous informer de nos services autres que ceux que vous avez sp\u00e9cifiquement demand\u00e9s\u00a0<\/span><\/li>\r\n<li style=\"font-weight: 400;\" aria-level=\"1\"><span style=\"font-weight: 400;\">demand\u00e9, y compris l'envoi d'informations promouvant nos autres services ;<\/span><\/li>\r\n<li style=\"font-weight: 400;\" aria-level=\"1\"><span style=\"font-weight: 400;\">pour pouvoir r\u00e9pondre \u00e0 vos demandes (par exemple, si vous pr\u00e9f\u00e9rez \u00eatre contact\u00e9 \u00e0 un num\u00e9ro de t\u00e9l\u00e9phone professionnel ou r\u00e9sidentiel ou \u00e0 une adresse \u00e9lectronique et que vous nous informez de votre pr\u00e9f\u00e9rence, nous utiliserons ces informations pour vous contacter \u00e0 ce num\u00e9ro ou \u00e0 cette adresse \u00e9lectronique) ;<\/span><\/li>\r\n<li style=\"font-weight: 400;\" aria-level=\"1\"><span style=\"font-weight: 400;\">pour nous prot\u00e9ger contre les erreurs, la fraude, le vol et les dommages caus\u00e9s \u00e0 nos biens et \u00e0 notre propri\u00e9t\u00e9 ;<\/span><\/li>\r\n<li style=\"font-weight: 400;\" aria-level=\"1\"><span style=\"font-weight: 400;\">pour nous permettre de nous conformer \u00e0 la l\u00e9gislation applicable ou aux exigences r\u00e9glementaires ; et toute autre fin raisonnable \u00e0 laquelle vous consentez.<\/span><\/li>\r\n<\/ul>\r\n<ol>\r\n<li><span style=\"font-weight: 400;\"> Comment utilisons-nous et divulguons-nous vos informations personnelles ?<\/span><\/li>\r\n<\/ol>\r\n<p><span style=\"font-weight: 400;\">Nous utilisons et divulguons vos informations personnelles :<\/span><\/p>\r\n<ul>\r\n<li style=\"font-weight: 400;\" aria-level=\"1\"><span style=\"font-weight: 400;\">aux fins d\u00e9crites dans la pr\u00e9sente politique ; ou<\/span><\/li>\r\n<li style=\"font-weight: 400;\" aria-level=\"1\"><span style=\"font-weight: 400;\">\u00e0 toute autre fin pour laquelle nous avons obtenu votre consentement \u00e0 l'utilisation ou \u00e0 la divulgation de vos donn\u00e9es \u00e0 caract\u00e8re personnel (ce consentement peut \u00eatre explicite, pr\u00e9sum\u00e9 ou implicite, comme expliqu\u00e9 ci-dessous).<\/span><\/li>\r\n<li style=\"font-weight: 400;\" aria-level=\"1\"><span style=\"font-weight: 400;\">Nous pouvons collecter, utiliser ou divulguer vos informations personnelles \u00e0 votre insu ou sans votre consentement lorsque la loi applicable ou les exigences r\u00e9glementaires nous y autorisent ou nous y obligent. Si vous \u00eates candidat, soyez assur\u00e9 que vos informations personnelles ne seront pas divulgu\u00e9es \u00e0 un employeur potentiel sans votre consentement pr\u00e9alable.<\/span><\/li>\r\n<\/ul>\r\n<ol>\r\n<li><span style=\"font-weight: 400;\"> Notre site web<\/span><\/li>\r\n<\/ol>\r\n<p><span style=\"font-weight: 400;\">Vous pouvez visiter notre site web (gmonerix.com) sans nous dire qui vous \u00eates ni r\u00e9v\u00e9ler aucune information vous concernant, y compris votre adresse \u00e9lectronique. Notre serveur web peut collecter des informations relatives \u00e0 votre visite sur notre site web, notamment l'adresse IP et le domaine utilis\u00e9s pour acc\u00e9der \u00e0 notre site, le type et la version de votre navigateur, le site web \u00e0 partir duquel vous avez acc\u00e9d\u00e9 \u00e0 notre site, la page \u00e0 laquelle vous \u00eates entr\u00e9 et \u00e0 laquelle vous \u00eates sorti, toute page du site web consult\u00e9e par cette adresse IP et le pays d'o\u00f9 vous venez. Nous utilisons ces informations pour contr\u00f4ler les performances de notre site web (telles que le nombre de visites, le temps moyen pass\u00e9 sur le site, les pages vues) et \u00e0 des fins commerciales, par exemple pour travailler \u00e0 l'am\u00e9lioration continue de notre site web. Lorsque vous postulez \u00e0 un poste sur notre site web, nous supposons que vous avez consenti \u00e0 la collecte, \u00e0 l'utilisation et \u00e0 la divulgation de vos informations personnelles \u00e0 des fins de recrutement et de placement par le groupe Monerix.\u00a0<\/span><\/p>\r\n<p><span style=\"font-weight: 400;\">VII. Qui a acc\u00e8s \u00e0 vos informations ?<\/span><\/p>\r\n<p><span style=\"font-weight: 400;\">Nous partageons vos informations personnelles avec nos employ\u00e9s, contractants, consultants et autres parties qui ont besoin de ces informations pour nous aider \u00e0 \u00e9tablir, maintenir et g\u00e9rer notre relation avec vous, y compris : les tiers qui nous fournissent des services ou qui les fournissent en notre nom ; les tiers qui collaborent avec nous pour vous fournir des services ; et les tiers dont nous utilisons les services pour fournir nos services. En outre, les informations personnelles peuvent \u00eatre divulgu\u00e9es ou transf\u00e9r\u00e9es \u00e0 une autre partie en cas de changement de propri\u00e9t\u00e9 ou d'octroi d'une s\u00fbret\u00e9 sur tout ou partie de Monerix Group, par exemple dans le cadre d'une vente d'actifs ou d'actions, ou d'une autre forme de regroupement d'entreprises, de fusion ou de coentreprise, \u00e0 condition que cette partie soit li\u00e9e par des accords ou obligations appropri\u00e9s et tenue d'utiliser ou de divulguer vos informations personnelles d'une mani\u00e8re conforme aux dispositions de la pr\u00e9sente politique en mati\u00e8re d'utilisation et de divulgation, \u00e0 moins que vous ne consentiez \u00e0 ce qu'il en soit autrement.<\/span><\/p>\r\n<p><span style=\"font-weight: 400;\">VIII. Votre consentement est important pour nous<\/span><\/p>\r\n<p><span style=\"font-weight: 400;\">Il est important pour nous d'obtenir votre consentement lorsque nous collectons, utilisons ou divulguons vos informations personnelles. En fonction de la sensibilit\u00e9 des informations personnelles, votre consentement peut \u00eatre implicite, pr\u00e9sum\u00e9 (\u00e0 l'aide d'un m\u00e9canisme d'exclusion) ou explicite. Le consentement explicite peut \u00eatre donn\u00e9 oralement, \u00e9lectroniquement ou par \u00e9crit. Le consentement implicite est un consentement qui peut raisonnablement \u00eatre d\u00e9duit de votre action ou de votre inaction. Par exemple, si vous soumettez un curriculum vitae ou d'autres informations personnelles par courrier, t\u00e9l\u00e9copie ou courrier \u00e9lectronique, que ce soit en r\u00e9ponse \u00e0 une annonce ou \u00e0 Monerix Group en g\u00e9n\u00e9ral, nous supposerons que vous consentez \u00e0 la collecte, \u00e0 l'utilisation et \u00e0 la divulgation de vos informations personnelles \u00e0 des fins li\u00e9es \u00e0 votre recrutement et \u00e0 votre placement par Monerix Group. Vous pouvez modifier ou retirer votre consentement \u00e0 tout moment, sous r\u00e9serve de restrictions l\u00e9gales ou contractuelles et d'un pr\u00e9avis raisonnable, en contactant notre responsable de la protection des donn\u00e9es et de la vie priv\u00e9e aux coordonn\u00e9es indiqu\u00e9es ci-dessous. Dans certaines circonstances, une modification ou un retrait du consentement peut s\u00e9rieusement limiter notre capacit\u00e9 \u00e0 vous fournir des services ou \u00e0 acqu\u00e9rir des produits ou des services aupr\u00e8s de vous. Toutes les communications relatives \u00e0 un tel retrait ou \u00e0 une telle modification du consentement doivent \u00eatre faites par \u00e9crit et adress\u00e9es \u00e0 votre consultant ou \u00e0 notre responsable de la protection des donn\u00e9es et de la vie priv\u00e9e.<\/span><\/p>\r\n<ol>\r\n<li><span style=\"font-weight: 400;\"> Protection des informations personnelles<\/span><\/li>\r\n<\/ol>\r\n<p><span style=\"font-weight: 400;\">Nous comprenons l'importance de la protection de vos informations personnelles. C'est pourquoi Monerix Group s'efforce de mettre en place des mesures de protection physiques, techniques et proc\u00e9durales adapt\u00e9es \u00e0 la sensibilit\u00e9 des informations personnelles en question. Ces mesures de protection sont con\u00e7ues pour emp\u00eacher la perte de vos informations personnelles ainsi que l'acc\u00e8s, la copie, l'utilisation, la modification ou la divulgation non autoris\u00e9s. Les documents contenant des informations personnelles sont conserv\u00e9s dans des classeurs qui se trouvent dans chacun de nos bureaux r\u00e9gionaux.<\/span><\/p>\r\n<p><span style=\"font-weight: 400;\">IMPORTANT : Veuillez noter que toutes les donn\u00e9es sont maintenant stock\u00e9es et transf\u00e9r\u00e9es sur notre base de donn\u00e9es, avec un fournisseur de services en nuage qui stocke les donn\u00e9es \u00e0 l'ext\u00e9rieur du Canada, \u00e0 savoir un fournisseur de services en nuage des \u00c9tats-Unis. Le transfert de renseignements personnels n'autorise pas le Groupe Monerix \u00e0 utiliser ces renseignements \u00e0 des fins autres que celles auxquelles vous avez express\u00e9ment ou implicitement consenti. Le groupe Monerix demeure responsable de la protection des renseignements personnels qui ont \u00e9t\u00e9 transf\u00e9r\u00e9s. L'organisation que nous avons engag\u00e9e pour recevoir les informations personnelles fournit un niveau de s\u00e9curit\u00e9 des donn\u00e9es comparable \u00e0 celui qui serait exig\u00e9 en vertu de la loi canadienne. Par cons\u00e9quent, vos renseignements personnels seront transf\u00e9r\u00e9s \u00e0 l'ext\u00e9rieur du Canada \u00e0 des fins de traitement et de stockage, et vos renseignements personnels seront assujettis aux lois de la juridiction \u00e9trang\u00e8re. Monerix Group s'engage \u00e0 prot\u00e9ger ses r\u00e9seaux informatiques et a \u00e9tabli un protocole de pr\u00e9vention et d'att\u00e9nuation des effets des menaces ou des atteintes \u00e0 nos r\u00e9seaux conform\u00e9ment \u00e0 notre politique de s\u00e9curit\u00e9 des donn\u00e9es, que tous les employ\u00e9s de Monerix Group sont tenus de respecter. Pour obtenir un exemplaire de notre politique de s\u00e9curit\u00e9 des donn\u00e9es, veuillez contacter notre responsable de la protection des donn\u00e9es et de la vie priv\u00e9e.<\/span><\/p>\r\n<ol>\r\n<li><span style=\"font-weight: 400;\"> Vos informations personnelles sont-elles exactes ?<\/span><\/li>\r\n<\/ol>\r\n<p><span style=\"font-weight: 400;\">Veuillez nous informer si vous pensez que vos informations personnelles sont inexactes. Vous avez le droit de demander qu'elles soient corrig\u00e9es ou mises \u00e0 jour. Nous pouvons vous demander de fournir des documents \u00e0 l'appui de votre demande de correction ou de mise \u00e0 jour. Si nous ne sommes pas d'accord avec votre demande, nous l'inclurons dans notre dossier.<\/span><\/p>\r\n<ol>\r\n<li><span style=\"font-weight: 400;\"> Acc\u00e8s \u00e0 vos donn\u00e9es personnelles<\/span><\/li>\r\n<\/ol>\r\n<p><span style=\"font-weight: 400;\">Vous avez le droit de consulter vos informations personnelles d\u00e9tenues par Monerix Group. Si vous souhaitez consulter vos informations personnelles, nous vous demandons de remplir et de soumettre un formulaire d'acc\u00e8s \u00e0 l'information. Vous trouverez ce formulaire sur notre site web ou en contactant votre consultant ou notre responsable de la protection des donn\u00e9es et de la vie priv\u00e9e. Lorsque vous demandez l'acc\u00e8s \u00e0 vos informations personnelles, veuillez noter que nous pouvons vous demander des informations sp\u00e9cifiques pour nous permettre de confirmer votre identit\u00e9 et votre droit d'acc\u00e8s, ainsi que pour rechercher et vous fournir les informations personnelles que nous d\u00e9tenons \u00e0 votre sujet. Il se peut que nous vous facturions des frais d'acc\u00e8s \u00e0 vos informations personnelles ; toutefois, nous vous informerons \u00e0 l'avance de ces frais. Si vous avez besoin d'aide pour pr\u00e9parer votre demande, veuillez contacter votre consultant ou notre responsable de la protection des donn\u00e9es et de la vie priv\u00e9e. Votre droit d'acc\u00e8s aux informations personnelles que nous d\u00e9tenons \u00e0 votre sujet n'est pas absolu. Dans certains cas, la loi ou les exigences r\u00e9glementaires applicables nous autorisent ou nous obligent \u00e0 refuser de fournir tout ou partie des informations personnelles que nous d\u00e9tenons \u00e0 votre sujet. En outre, les informations personnelles peuvent avoir \u00e9t\u00e9 d\u00e9truites, effac\u00e9es ou rendues anonymes conform\u00e9ment \u00e0 nos obligations et pratiques en mati\u00e8re de conservation des dossiers. Si nous ne pouvons pas vous donner acc\u00e8s \u00e0 vos informations personnelles, nous nous efforcerons de vous en communiquer les raisons, sous r\u00e9serve des restrictions l\u00e9gales ou r\u00e9glementaires. Vous avez \u00e9galement le droit de demander \u00e0 tout moment \u00e0 Monerix Group de supprimer votre nom et vos informations personnelles de nos dossiers. Vous pouvez le faire en contactant notre responsable de la protection des donn\u00e9es et de la vie priv\u00e9e.<\/span><\/p>\r\n<p><span style=\"font-weight: 400;\">XII. Responsable de la protection de la vie priv\u00e9e et des donn\u00e9es<\/span><\/p>\r\n<p><span style=\"font-weight: 400;\">Nous avons nomm\u00e9 un responsable de la protection de la vie priv\u00e9e et des donn\u00e9es charg\u00e9 de veiller au respect de la pr\u00e9sente politique. Les coordonn\u00e9es de notre responsable de la protection de la vie priv\u00e9e et des donn\u00e9es sont les suivantes :<\/span><\/p>\r\n<p><span style=\"font-weight: 400;\">Groupe Monerix<\/span><\/p>\r\n<p><span style=\"font-weight: 400;\">+ 1 514 575 9476<\/span><\/p>\r\n<p><span style=\"font-weight: 400;\">info@gmonerix.com<\/span><\/p>\r\n<p><span style=\"font-weight: 400;\">8085 Rue du Champ d'Eau, Saint-L\u00e9onard, QC H1P 1Y1, Canada<\/span><\/p>\r\n<p><span style=\"font-weight: 400;\">XIII. R\u00e9visions et interpr\u00e9tation<\/span><\/p>\r\n<p><span style=\"font-weight: 400;\">Monerix Group peut de temps \u00e0 autre apporter des modifications \u00e0 la pr\u00e9sente politique. Nous publierons toute version r\u00e9vis\u00e9e de la pr\u00e9sente politique sur notre site web \u00e0 l'adresse www.gmonerix.com. Toute modification de la pr\u00e9sente politique entrera en vigueur \u00e0 la date de sa publication. Si des modifications sont apport\u00e9es \u00e0 l'utilisation, \u00e0 la collecte ou \u00e0 la divulgation de vos renseignements personnels par Monerix Group et qu'elles n\u00e9cessitent votre consentement, nous ne mettrons pas en \u0153uvre ces modifications tant que nous n'aurons pas obtenu votre consentement.<\/span><\/p>","protected":false},"excerpt":{"rendered":"<p>Monerix Group is committed to protecting your personal information. This Policy describes how Monerix Group collects, uses and discloses personal information.\u00a0 Application This Policy governs the collection, use and disclosure of personal information by Monerix Group from and about individuals who are not employed by Monerix Group. This Policy also applies to each division within [&hellip;]<\/p>","protected":false},"author":1,"featured_media":0,"parent":0,"menu_order":0,"comment_status":"closed","ping_status":"closed","template":"","meta":{"_monsterinsights_skip_tracking":false,"_monsterinsights_sitenote_active":false,"_monsterinsights_sitenote_note":"","_monsterinsights_sitenote_category":0,"footnotes":""},"class_list":["post-2308","page","type-page","status-publish","hentry"],"_links":{"self":[{"href":"https:\/\/gmonerix.com\/fr\/wp-json\/wp\/v2\/pages\/2308","targetHints":{"allow":["GET"]}}],"collection":[{"href":"https:\/\/gmonerix.com\/fr\/wp-json\/wp\/v2\/pages"}],"about":[{"href":"https:\/\/gmonerix.com\/fr\/wp-json\/wp\/v2\/types\/page"}],"author":[{"embeddable":true,"href":"https:\/\/gmonerix.com\/fr\/wp-json\/wp\/v2\/users\/1"}],"replies":[{"embeddable":true,"href":"https:\/\/gmonerix.com\/fr\/wp-json\/wp\/v2\/comments?post=2308"}],"version-history":[{"count":4,"href":"https:\/\/gmonerix.com\/fr\/wp-json\/wp\/v2\/pages\/2308\/revisions"}],"predecessor-version":[{"id":3866,"href":"https:\/\/gmonerix.com\/fr\/wp-json\/wp\/v2\/pages\/2308\/revisions\/3866"}],"wp:attachment":[{"href":"https:\/\/gmonerix.com\/fr\/wp-json\/wp\/v2\/media?parent=2308"}],"curies":[{"name":"wp","href":"https:\/\/api.w.org\/{rel}","templated":true}]}}